{"id":13198,"date":"2025-12-12T15:52:29","date_gmt":"2025-12-12T14:52:29","guid":{"rendered":"https:\/\/www.noheroes.de\/caja-de-descargas-gpx-fuerteventura\/"},"modified":"2025-12-16T09:55:22","modified_gmt":"2025-12-16T08:55:22","slug":"caja-de-descargas-gpx-fuerteventura","status":"publish","type":"page","link":"https:\/\/www.noheroes.de\/es\/caja-de-descargas-gpx-fuerteventura\/","title":{"rendered":"Caja de descargas GPX Fuerteventura"},"content":{"rendered":"\n<style type=\"text\/css\" data-created_by=\"avia_inline_auto\" id=\"style-css-av-miur1bqi-1d7e9c872750ecf59f595e9b9d0aae33\">\n.avia-section.av-miur1bqi-1d7e9c872750ecf59f595e9b9d0aae33{\nbackground-repeat:no-repeat;\nbackground-image:url(https:\/\/www.noheroes.de\/wp-content\/uploads\/2019\/02\/bikeverleih-fuerteventura-costacalma-1210x423.jpg);\nbackground-position:50% 50%;\nbackground-attachment:scroll;\n}\n<\/style>\n<div id='av_section_1'  class='avia-section av-miur1bqi-1d7e9c872750ecf59f595e9b9d0aae33 main_color avia-section-default avia-no-border-styling  avia-builder-el-0  el_before_av_textblock  avia-builder-el-first  nh-hero-media avia-bg-style-scroll container_wrap sidebar_right'  data-section-bg-repeat='no-repeat'><div class='container av-section-cont-open' ><main  role=\"main\" itemprop=\"mainContentOfPage\"  class='template-page content  av-content-small alpha units'><div class='post-entry post-entry-type-page post-entry-13198'><div class='entry-content-wrapper clearfix'>\n<section  class='av_textblock_section av-miuievtc-cecec6d37fa928dfe43304b0e036b5f2 '   itemscope=\"itemscope\" itemtype=\"https:\/\/schema.org\/CreativeWork\" ><div class='avia_textblock'  itemprop=\"text\" ><p>\u00b4<\/p>\n<div class=\"nh-container nh-safe-bottom nh-hero-center\">\n<p><span class=\"nh-badge nh-badge--lava\">VOLCANO BIKE \u2022 DESCARGA GPX \/ KML<\/span><\/p>\n<div class=\"nh-logo-wrap\"><img decoding=\"async\" class=\"nh-hero-logo\" src=\"https:\/\/www.noheroes.de\/wp-content\/uploads\/2025\/03\/noheroes.svg\" alt=\"noheroes\"><\/div>\n<div class=\"nh-lead\">Tours GPX \/ KML \u00b7 Descarga inmediata<\/div>\n<div class=\"nh-cta\"><a class=\"nh-btn nh-btn-primary\" href=\"https:\/\/www.noheroes.de\/impressum\/\">Soporte \/ Contacto<\/a><br \/>\n<a class=\"nh-btn nh-btn-ghost\" href=\"https:\/\/www.noheroes.de\/es\/descargas-gpx-fuerteventura-rutas-de-mtb-y-bici-de-carretera\/#mtb\">MTB<\/a><br \/>\n<a class=\"nh-btn nh-btn-ghost\" href=\"https:\/\/www.noheroes.de\/es\/descargas-gpx-fuerteventura-rutas-de-mtb-y-bici-de-carretera\/#rennrad\">Bici de carretera<\/a><br \/>\n<a class=\"nh-btn nh-btn-ghost\" href=\"https:\/\/www.noheroes.de\/es\/descargas-gpx-fuerteventura-rutas-de-mtb-y-bici-de-carretera\/#bundles\">Packs<\/a><\/div>\n<\/div>\n<\/div><\/section>\n<\/div><\/div><\/main><!-- close content main element --><\/div><\/div><div id='after_section_1'  class='main_color av_default_container_wrap container_wrap sidebar_right'  ><div class='container av-section-cont-open' ><div class='template-page content  av-content-small alpha units'><div class='post-entry post-entry-type-page post-entry-13198'><div class='entry-content-wrapper clearfix'>\n<section  class='av_textblock_section av-mj1rfz9c-d7cc1753cd057327a5a04381b3d4e7e2 '   itemscope=\"itemscope\" itemtype=\"https:\/\/schema.org\/CreativeWork\" ><div class='avia_textblock'  itemprop=\"text\" ><div id=\"edd_checkout_wrap\"><span class=\"edd_empty_cart\">Dein Warenkorb ist leer.<\/span><\/div><!--end #edd_checkout_wrap-->\n<\/div><\/section>\n<section  class='av_textblock_section av-mj0hz91z-f69eb742ba6604f2e897cdf54cba86fc '   itemscope=\"itemscope\" itemtype=\"https:\/\/schema.org\/CreativeWork\" ><div class='avia_textblock'  itemprop=\"text\" ><h1 style=\"color: #fff; margin: 0; font-size: 42px; text-align: center;\">GPX &amp; Rutas KML Fuerteventura \u2013 Descargar<\/h1>\n<p style=\"margin: 10px 0 0; color: var(--muted); max-width: 740px; text-align: center; margin-left: auto; margin-right: auto;\">Has a\u00f1adido rutas GPX \/ KML al carrito. Una vez completado el pago, aparecer\u00e1 tu<br \/>\n<strong>enlace de descarga directamente aqu\u00ed en el navegador<\/strong> y, adem\u00e1s, se enviar\u00e1 por correo electr\u00f3nico.<\/p>\n<p style=\"margin: 10px 0 0; color: var(--muted); max-width: 740px; text-align: center; margin-left: auto; margin-right: auto;\">Cada ruta contiene:<br \/>\n<strong>Archivo GPX<\/strong> (p. ej., para Garmin, Wahoo y muchos ciclocomputadores),<br \/>\n<strong>Archivo KML<\/strong> (para Google Earth \/ Maps)<br \/>\nas\u00ed como una breve <strong>gu\u00eda en PDF<\/strong> sobre c\u00f3mo transferir los datos a tus dispositivos o aplicaciones.<\/p>\n<p style=\"margin: 10px 0 26px; color: var(--muted); max-width: 740px; text-align: center; margin-left: auto; margin-right: auto;\">Los archivos est\u00e1n disponibles para su descarga inmediatamente despu\u00e9s de la compra (gratis por el momento) y tambi\u00e9n se pueden recuperar a trav\u00e9s del<br \/>\nenlace en el correo electr\u00f3nico de confirmaci\u00f3n del pedido. Todas las rutas se han recorrido in situ y est\u00e1n adaptadas al viento, el calor<br \/>\ny el perfil de la isla, ideales para tus rutas en Fuerteventura. <\/p>\n<\/div><\/section>\n","protected":false},"excerpt":{"rendered":"","protected":false},"author":1,"featured_media":0,"parent":0,"menu_order":0,"comment_status":"closed","ping_status":"closed","template":"","meta":{"_acf_changed":false,"footnotes":""},"class_list":["post-13198","page","type-page","status-publish","hentry"],"acf":[],"yoast_head":"<!-- This site is optimized with the Yoast SEO plugin v27.5 - https:\/\/yoast.com\/product\/yoast-seo-wordpress\/ -->\n<title>Caja de descargas GPX Fuerteventura &#8211; No h\u00e9roes * Just Rides<\/title>\n<meta name=\"description\" content=\"Rutas GPX en Fuerteventura: rutas de bici de carretera y MTB con distancia, desnivel y puntos destacados. Adem\u00e1s, alquiler de bicicletas in situ: alquila, descarga y \u00a1a rodar! 8 rutas GPX en Fuerteventura\" \/>\n<meta name=\"robots\" content=\"noindex, nofollow\" \/>\n<meta name=\"twitter:label1\" content=\"Tiempo de lectura\" \/>\n\t<meta name=\"twitter:data1\" content=\"4 minutos\" \/>\n<script type=\"application\/ld+json\" class=\"yoast-schema-graph\">{\"@context\":\"https:\\\/\\\/schema.org\",\"@graph\":[{\"@type\":\"WebPage\",\"@id\":\"https:\\\/\\\/www.noheroes.de\\\/es\\\/caja-de-descargas-gpx-fuerteventura\\\/\",\"url\":\"https:\\\/\\\/www.noheroes.de\\\/es\\\/caja-de-descargas-gpx-fuerteventura\\\/\",\"name\":\"Caja de descargas GPX Fuerteventura &#8211; No h\u00e9roes * Just Rides\",\"isPartOf\":{\"@id\":\"https:\\\/\\\/www.noheroes.de\\\/es\\\/#website\"},\"primaryImageOfPage\":{\"@id\":\"https:\\\/\\\/www.noheroes.de\\\/es\\\/caja-de-descargas-gpx-fuerteventura\\\/#primaryimage\"},\"image\":{\"@id\":\"https:\\\/\\\/www.noheroes.de\\\/es\\\/caja-de-descargas-gpx-fuerteventura\\\/#primaryimage\"},\"thumbnailUrl\":\"https:\\\/\\\/www.noheroes.de\\\/wp-content\\\/uploads\\\/2025\\\/03\\\/noheroes.svg\",\"datePublished\":\"2025-12-12T14:52:29+00:00\",\"dateModified\":\"2025-12-16T08:55:22+00:00\",\"description\":\"Rutas GPX en Fuerteventura: rutas de bici de carretera y MTB con distancia, desnivel y puntos destacados. Adem\u00e1s, alquiler de bicicletas in situ: alquila, descarga y \u00a1a rodar! 8 rutas GPX en Fuerteventura\",\"breadcrumb\":{\"@id\":\"https:\\\/\\\/www.noheroes.de\\\/es\\\/caja-de-descargas-gpx-fuerteventura\\\/#breadcrumb\"},\"inLanguage\":\"es\",\"potentialAction\":[{\"@type\":\"ReadAction\",\"target\":[\"https:\\\/\\\/www.noheroes.de\\\/es\\\/caja-de-descargas-gpx-fuerteventura\\\/\"]}]},{\"@type\":\"ImageObject\",\"inLanguage\":\"es\",\"@id\":\"https:\\\/\\\/www.noheroes.de\\\/es\\\/caja-de-descargas-gpx-fuerteventura\\\/#primaryimage\",\"url\":\"https:\\\/\\\/www.noheroes.de\\\/wp-content\\\/uploads\\\/2025\\\/03\\\/noheroes.svg\",\"contentUrl\":\"https:\\\/\\\/www.noheroes.de\\\/wp-content\\\/uploads\\\/2025\\\/03\\\/noheroes.svg\"},{\"@type\":\"BreadcrumbList\",\"@id\":\"https:\\\/\\\/www.noheroes.de\\\/es\\\/caja-de-descargas-gpx-fuerteventura\\\/#breadcrumb\",\"itemListElement\":[{\"@type\":\"ListItem\",\"position\":1,\"name\":\"Startseite\",\"item\":\"https:\\\/\\\/www.noheroes.de\\\/es\\\/fuerteventura-gpx-tours-alquiler-de-bicicletas-rutas-y-alquiler-de-bicicletas-de-carretera-y-mtb\\\/\"},{\"@type\":\"ListItem\",\"position\":2,\"name\":\"Caja de descargas GPX Fuerteventura\"}]},{\"@type\":\"WebSite\",\"@id\":\"https:\\\/\\\/www.noheroes.de\\\/es\\\/#website\",\"url\":\"https:\\\/\\\/www.noheroes.de\\\/es\\\/\",\"name\":\"No h\u00e9roes * Just Rides\",\"description\":\"\",\"publisher\":{\"@id\":\"https:\\\/\\\/www.noheroes.de\\\/es\\\/#\\\/schema\\\/person\\\/9cb399a8f6bfbf139037a165da54e103\"},\"potentialAction\":[{\"@type\":\"SearchAction\",\"target\":{\"@type\":\"EntryPoint\",\"urlTemplate\":\"https:\\\/\\\/www.noheroes.de\\\/es\\\/?s={search_term_string}\"},\"query-input\":{\"@type\":\"PropertyValueSpecification\",\"valueRequired\":true,\"valueName\":\"search_term_string\"}}],\"inLanguage\":\"es\"},{\"@type\":[\"Person\",\"Organization\"],\"@id\":\"https:\\\/\\\/www.noheroes.de\\\/es\\\/#\\\/schema\\\/person\\\/9cb399a8f6bfbf139037a165da54e103\",\"name\":\"Guide\",\"logo\":{\"@id\":\"https:\\\/\\\/www.noheroes.de\\\/es\\\/#\\\/schema\\\/person\\\/image\\\/\"}}]}<\/script>\n<!-- \/ Yoast SEO plugin. -->","yoast_head_json":{"title":"Caja de descargas GPX Fuerteventura &#8211; No h\u00e9roes * Just Rides","description":"Rutas GPX en Fuerteventura: rutas de bici de carretera y MTB con distancia, desnivel y puntos destacados. Adem\u00e1s, alquiler de bicicletas in situ: alquila, descarga y \u00a1a rodar! 8 rutas GPX en Fuerteventura","robots":{"index":"noindex","follow":"nofollow"},"twitter_misc":{"Tiempo de lectura":"4 minutos"},"schema":{"@context":"https:\/\/schema.org","@graph":[{"@type":"WebPage","@id":"https:\/\/www.noheroes.de\/es\/caja-de-descargas-gpx-fuerteventura\/","url":"https:\/\/www.noheroes.de\/es\/caja-de-descargas-gpx-fuerteventura\/","name":"Caja de descargas GPX Fuerteventura &#8211; No h\u00e9roes * Just Rides","isPartOf":{"@id":"https:\/\/www.noheroes.de\/es\/#website"},"primaryImageOfPage":{"@id":"https:\/\/www.noheroes.de\/es\/caja-de-descargas-gpx-fuerteventura\/#primaryimage"},"image":{"@id":"https:\/\/www.noheroes.de\/es\/caja-de-descargas-gpx-fuerteventura\/#primaryimage"},"thumbnailUrl":"https:\/\/www.noheroes.de\/wp-content\/uploads\/2025\/03\/noheroes.svg","datePublished":"2025-12-12T14:52:29+00:00","dateModified":"2025-12-16T08:55:22+00:00","description":"Rutas GPX en Fuerteventura: rutas de bici de carretera y MTB con distancia, desnivel y puntos destacados. Adem\u00e1s, alquiler de bicicletas in situ: alquila, descarga y \u00a1a rodar! 8 rutas GPX en Fuerteventura","breadcrumb":{"@id":"https:\/\/www.noheroes.de\/es\/caja-de-descargas-gpx-fuerteventura\/#breadcrumb"},"inLanguage":"es","potentialAction":[{"@type":"ReadAction","target":["https:\/\/www.noheroes.de\/es\/caja-de-descargas-gpx-fuerteventura\/"]}]},{"@type":"ImageObject","inLanguage":"es","@id":"https:\/\/www.noheroes.de\/es\/caja-de-descargas-gpx-fuerteventura\/#primaryimage","url":"https:\/\/www.noheroes.de\/wp-content\/uploads\/2025\/03\/noheroes.svg","contentUrl":"https:\/\/www.noheroes.de\/wp-content\/uploads\/2025\/03\/noheroes.svg"},{"@type":"BreadcrumbList","@id":"https:\/\/www.noheroes.de\/es\/caja-de-descargas-gpx-fuerteventura\/#breadcrumb","itemListElement":[{"@type":"ListItem","position":1,"name":"Startseite","item":"https:\/\/www.noheroes.de\/es\/fuerteventura-gpx-tours-alquiler-de-bicicletas-rutas-y-alquiler-de-bicicletas-de-carretera-y-mtb\/"},{"@type":"ListItem","position":2,"name":"Caja de descargas GPX Fuerteventura"}]},{"@type":"WebSite","@id":"https:\/\/www.noheroes.de\/es\/#website","url":"https:\/\/www.noheroes.de\/es\/","name":"No h\u00e9roes * Just Rides","description":"","publisher":{"@id":"https:\/\/www.noheroes.de\/es\/#\/schema\/person\/9cb399a8f6bfbf139037a165da54e103"},"potentialAction":[{"@type":"SearchAction","target":{"@type":"EntryPoint","urlTemplate":"https:\/\/www.noheroes.de\/es\/?s={search_term_string}"},"query-input":{"@type":"PropertyValueSpecification","valueRequired":true,"valueName":"search_term_string"}}],"inLanguage":"es"},{"@type":["Person","Organization"],"@id":"https:\/\/www.noheroes.de\/es\/#\/schema\/person\/9cb399a8f6bfbf139037a165da54e103","name":"Guide","logo":{"@id":"https:\/\/www.noheroes.de\/es\/#\/schema\/person\/image\/"}}]}},"_links":{"self":[{"href":"https:\/\/www.noheroes.de\/es\/wp-json\/wp\/v2\/pages\/13198","targetHints":{"allow":["GET"]}}],"collection":[{"href":"https:\/\/www.noheroes.de\/es\/wp-json\/wp\/v2\/pages"}],"about":[{"href":"https:\/\/www.noheroes.de\/es\/wp-json\/wp\/v2\/types\/page"}],"author":[{"embeddable":true,"href":"https:\/\/www.noheroes.de\/es\/wp-json\/wp\/v2\/users\/1"}],"replies":[{"embeddable":true,"href":"https:\/\/www.noheroes.de\/es\/wp-json\/wp\/v2\/comments?post=13198"}],"version-history":[{"count":2,"href":"https:\/\/www.noheroes.de\/es\/wp-json\/wp\/v2\/pages\/13198\/revisions"}],"predecessor-version":[{"id":13201,"href":"https:\/\/www.noheroes.de\/es\/wp-json\/wp\/v2\/pages\/13198\/revisions\/13201"}],"wp:attachment":[{"href":"https:\/\/www.noheroes.de\/es\/wp-json\/wp\/v2\/media?parent=13198"}],"curies":[{"name":"wp","href":"https:\/\/api.w.org\/{rel}","templated":true}]}}