{"id":13213,"date":"2025-12-07T20:22:00","date_gmt":"2025-12-07T19:22:00","guid":{"rendered":"https:\/\/www.noheroes.de\/bike-tours-fuerteventura-rutas-guiadas-de-mtb-y-bicicleta-de-carretera-volcano-bike\/"},"modified":"2025-12-18T07:49:44","modified_gmt":"2025-12-18T06:49:44","slug":"bike-tours-fuerteventura-rutas-guiadas-de-mtb-y-bicicleta-de-carretera-volcano-bike","status":"publish","type":"page","link":"https:\/\/www.noheroes.de\/es\/bike-tours-fuerteventura-rutas-guiadas-de-mtb-y-bicicleta-de-carretera-volcano-bike\/","title":{"rendered":"Bike Tours Fuerteventura \u2013 Rutas guiadas de MTB y bicicleta de carretera | Volcano Bike"},"content":{"rendered":"<div id='av_section_1'  class='avia-section av-miur1bqi-54f2d3d1efc1505e22d13ec88a2eb337 main_color avia-section-default avia-no-border-styling  avia-builder-el-0  el_before_av_section  avia-builder-el-first  nh-hero-media av-small-hide av-mini-hide avia-bg-style-scroll av-section-with-video-bg container_wrap sidebar_right'   data-section-video-ratio='16:9'><div  class='avia-slideshow av_slideshow_obj-1-69fb1140eb8c8 avia-slideshow-featured av_slideshow avia-slide-slider av-slideshow-ui av-control-default av-slideshow-manual av-loop-once av-loop-manual-endless av-default-height-applied  av-section-video-bg avia-slideshow-1' data-slideshow-options=\"{&quot;animation&quot;:&quot;slide&quot;,&quot;autoplay&quot;:false,&quot;loop_autoplay&quot;:&quot;once&quot;,&quot;interval&quot;:5,&quot;loop_manual&quot;:&quot;manual-endless&quot;,&quot;autoplay_stopper&quot;:false,&quot;noNavigation&quot;:false,&quot;bg_slider&quot;:false,&quot;keep_padding&quot;:false,&quot;hoverpause&quot;:false,&quot;show_slide_delay&quot;:0}\"  itemprop=\"image\" itemscope=\"itemscope\" itemtype=\"https:\/\/schema.org\/ImageObject\" ><ul class='avia-slideshow-inner ' style='padding-bottom: 28.666666666667%;'><li  data-controls='disabled' data-mute='aviaTBaviaTBvideo_mute' data-loop='1' data-disable-autoplay=''  data-video-ratio='1.7777777777778' class='avia-slideshow-slide av_slideshow_obj-1-69fb1140eb8c8__0  av-video-slide  av-video-service-html5  av-hide-video-controls av-mute-video av-loop-video  av-single-slide slide-1 slide-odd'><div data-rel='slideshow-1' class='avia-slide-wrap '    itemprop=\"video\" itemtype=\"https:\/\/schema.org\/VideoObject\" ><div class='av-click-overlay'><\/div><video class='avia_video'  autoplay playsinline loop preload=\"metadata\" muted  id='player_13213_1261229119_890968133'><source src=\"https:\/\/www.noheroes.de\/wp-content\/uploads\/2025\/12\/noheroes.mp4\" type=\"video\/mp4\" \/><\/video><div class=\"av-click-to-play-overlay\"><div class=\"avia_playpause_icon\"><\/div><\/div><\/div><\/li><\/ul><\/div><div class='container av-section-cont-open' ><main  role=\"main\" itemprop=\"mainContentOfPage\"  class='template-page content  av-content-small alpha units'><div class='post-entry post-entry-type-page post-entry-13213'><div class='entry-content-wrapper clearfix'>\n<section  class='av_textblock_section av-miuievtc-cecec6d37fa928dfe43304b0e036b5f2 '   itemscope=\"itemscope\" itemtype=\"https:\/\/schema.org\/CreativeWork\" ><div class='avia_textblock'  itemprop=\"text\" ><div class=\"nh-container nh-safe-bottom nh-hero-center\">\n<p><span class=\"nh-badge nh-badge--lava\">VOLCANO BIKE \u2022 PROGRAMA DE TOURS 2026<\/span><\/p>\n<div class=\"nh-logo-wrap\"><img decoding=\"async\" class=\"nh-hero-logo\" src=\"https:\/\/www.noheroes.de\/wp-content\/uploads\/2024\/06\/gofac-e1718480976746.png\" alt=\"noheroes\" \/><\/div>\n<div class=\"nh-lead\">\n<h2>Rutas en bicicleta de carretera y bicicleta de monta\u00f1a<\/h2>\n<\/div>\n<div class=\"nh-cta\"><a class=\"nh-btn nh-btn-primary\" href=\"href=\">GPX<\/a><br \/>\n<a class=\"nh-btn nh-btn-ghost\" href=\"#mtb\">Bicicleta de monta\u00f1a<\/a><br \/>\n<a class=\"nh-btn nh-btn-ghost\" href=\"#rennrad\">Bicicleta de carretera<\/a><br \/>\n<a class=\"nh-btn nh-btn-ghost\" href=\"#guide\">Gu\u00edas<\/a><\/div>\n<\/div>\n<\/div><\/section>\n\n<\/div><\/div><\/main><!-- close content main element --><\/div><\/div>\n<style type=\"text\/css\" data-created_by=\"avia_inline_auto\" id=\"style-css-av-mjb2y6mz-767a78d5229168942d10f33531a25104\">\n.avia-section.av-mjb2y6mz-767a78d5229168942d10f33531a25104{\nbackground-repeat:no-repeat;\nbackground-image:url(https:\/\/www.noheroes.de\/wp-content\/uploads\/2025\/12\/rental-bikes-verleih-fuerteventura.jpg);\nbackground-position:50% 50%;\nbackground-attachment:scroll;\n}\n<\/style>\n<div id='av_section_2'  class='avia-section av-mjb2y6mz-767a78d5229168942d10f33531a25104 main_color avia-section-default avia-no-border-styling  avia-builder-el-2  el_after_av_section  el_before_av_textblock  nh-hero-media av-desktop-hide av-medium-hide avia-bg-style-scroll container_wrap sidebar_right'  data-section-bg-repeat='no-repeat'><div class='container av-section-cont-open' ><div class='template-page content  av-content-small alpha units'><div class='post-entry post-entry-type-page post-entry-13213'><div class='entry-content-wrapper clearfix'>\n<section  class='av_textblock_section av-av_textblock-3075de6d7c3e4cfd3ab9952a254a45ef '   itemscope=\"itemscope\" itemtype=\"https:\/\/schema.org\/CreativeWork\" ><div class='avia_textblock'  itemprop=\"text\" ><div class=\"nh-container nh-safe-bottom nh-hero-center\">\n<p><span class=\"nh-badge nh-badge--lava\">VOLCANO BIKE \u2022 PROGRAMA DE TOURS 2026<\/span><\/p>\n<div class=\"nh-logo-wrap\"><img decoding=\"async\" class=\"nh-hero-logo\" src=\"https:\/\/www.noheroes.de\/wp-content\/uploads\/2024\/06\/gofac-e1718480976746.png\" alt=\"noheroes\" \/><\/div>\n<div class=\"nh-lead\">\n<h2>Rutas en bicicleta de carretera y bicicleta de monta\u00f1a<\/h2>\n<\/div>\n<div class=\"nh-cta\"><a class=\"nh-btn nh-btn-primary\" href=\"href=\">GPX<\/a><br \/>\n<a class=\"nh-btn nh-btn-ghost\" href=\"#mtb\">Bicicleta de monta\u00f1a<\/a><br \/>\n<a class=\"nh-btn nh-btn-ghost\" href=\"#rennrad\">Bicicleta de carretera<\/a><br \/>\n<a class=\"nh-btn nh-btn-ghost\" href=\"#guide\">Gu\u00edas<\/a><\/div>\n<\/div>\n<\/div><\/section>\n<\/div><\/div><\/div><!-- close content main div --><\/div><\/div><div id='after_section_2'  class='main_color av_default_container_wrap container_wrap sidebar_right'  ><div class='container av-section-cont-open' ><div class='template-page content  av-content-small alpha units'><div class='post-entry post-entry-type-page post-entry-13213'><div class='entry-content-wrapper clearfix'>\n<section  class='av_textblock_section av-miw4ojws-b7f69a9c3e10342c2b86ef4d9b2d6096 '   itemscope=\"itemscope\" itemtype=\"https:\/\/schema.org\/CreativeWork\" ><div class='avia_textblock'  itemprop=\"text\" ><h1 style=\"text-align: center;\">Bike Tours Fuerteventura<\/h1>\n<p class=\"nh-lead\" style=\"text-align: center;\">Sin rutas tur\u00edsticas de escaparate ni pelotones masivos. Rodamos por trazados aut\u00e9nticos, con el viento en la cara, grava bajo las ruedas y el Atl\u00e1ntico a la vista<\/p>\n<p class=\"nh-lead\" style=\"margin-top: 10px; text-align: center;\">Ya sea en bicicleta de carretera o MTB: planificamos la ruta seg\u00fan tu nivel, adaptamos la distancia y el desnivel a tu forma f\u00edsica y te mostramos lugares que nunca encontrar\u00edas sin un gu\u00eda.<\/p>\n<\/div><\/section>\n\n\n","protected":false},"excerpt":{"rendered":"","protected":false},"author":1,"featured_media":0,"parent":0,"menu_order":0,"comment_status":"closed","ping_status":"closed","template":"","meta":{"_acf_changed":false,"footnotes":""},"class_list":["post-13213","page","type-page","status-publish","hentry"],"acf":[],"yoast_head":"<!-- This site is optimized with the Yoast SEO plugin v27.5 - https:\/\/yoast.com\/product\/yoast-seo-wordpress\/ -->\n<title>Bike Tours Fuerteventura \u2013 Rutas guiadas de MTB y bicicleta de carretera | Volcano Bike &#8211; No h\u00e9roes * Just Rides<\/title>\n<meta name=\"description\" content=\"Rutas guiadas en BTT y bicicleta de carretera en Fuerteventura desde Costa Calma y Jand\u00eda. Rutas individuales, desniveles y niveles adecuados, grupos peque\u00f1os, puro ciclismo.\" \/>\n<meta name=\"robots\" content=\"index, follow, max-snippet:-1, max-image-preview:large, max-video-preview:-1\" \/>\n<link rel=\"canonical\" href=\"https:\/\/www.noheroes.de\/es\/bike-tours-fuerteventura-rutas-guiadas-de-mtb-y-bicicleta-de-carretera-volcano-bike\/\" \/>\n<meta name=\"twitter:label1\" content=\"Tiempo de lectura\" \/>\n\t<meta name=\"twitter:data1\" content=\"2 minutos\" \/>\n<script type=\"application\/ld+json\" class=\"yoast-schema-graph\">{\"@context\":\"https:\\\/\\\/schema.org\",\"@graph\":[{\"@type\":\"WebPage\",\"@id\":\"https:\\\/\\\/www.noheroes.de\\\/es\\\/bike-tours-fuerteventura-rutas-guiadas-de-mtb-y-bicicleta-de-carretera-volcano-bike\\\/\",\"url\":\"https:\\\/\\\/www.noheroes.de\\\/es\\\/bike-tours-fuerteventura-rutas-guiadas-de-mtb-y-bicicleta-de-carretera-volcano-bike\\\/\",\"name\":\"Bike Tours Fuerteventura \u2013 Rutas guiadas de MTB y bicicleta de carretera | Volcano Bike &#8211; No h\u00e9roes * Just Rides\",\"isPartOf\":{\"@id\":\"https:\\\/\\\/www.noheroes.de\\\/es\\\/#website\"},\"primaryImageOfPage\":{\"@id\":\"https:\\\/\\\/www.noheroes.de\\\/es\\\/bike-tours-fuerteventura-rutas-guiadas-de-mtb-y-bicicleta-de-carretera-volcano-bike\\\/#primaryimage\"},\"image\":{\"@id\":\"https:\\\/\\\/www.noheroes.de\\\/es\\\/bike-tours-fuerteventura-rutas-guiadas-de-mtb-y-bicicleta-de-carretera-volcano-bike\\\/#primaryimage\"},\"thumbnailUrl\":\"https:\\\/\\\/www.noheroes.de\\\/wp-content\\\/uploads\\\/2024\\\/06\\\/gofac-e1718480976746.png\",\"datePublished\":\"2025-12-07T19:22:00+00:00\",\"dateModified\":\"2025-12-18T06:49:44+00:00\",\"description\":\"Rutas guiadas en BTT y bicicleta de carretera en Fuerteventura desde Costa Calma y Jand\u00eda. Rutas individuales, desniveles y niveles adecuados, grupos peque\u00f1os, puro ciclismo.\",\"breadcrumb\":{\"@id\":\"https:\\\/\\\/www.noheroes.de\\\/es\\\/bike-tours-fuerteventura-rutas-guiadas-de-mtb-y-bicicleta-de-carretera-volcano-bike\\\/#breadcrumb\"},\"inLanguage\":\"es\",\"potentialAction\":[{\"@type\":\"ReadAction\",\"target\":[\"https:\\\/\\\/www.noheroes.de\\\/es\\\/bike-tours-fuerteventura-rutas-guiadas-de-mtb-y-bicicleta-de-carretera-volcano-bike\\\/\"]}]},{\"@type\":\"ImageObject\",\"inLanguage\":\"es\",\"@id\":\"https:\\\/\\\/www.noheroes.de\\\/es\\\/bike-tours-fuerteventura-rutas-guiadas-de-mtb-y-bicicleta-de-carretera-volcano-bike\\\/#primaryimage\",\"url\":\"https:\\\/\\\/www.noheroes.de\\\/wp-content\\\/uploads\\\/2024\\\/06\\\/gofac-e1718480976746.png\",\"contentUrl\":\"https:\\\/\\\/www.noheroes.de\\\/wp-content\\\/uploads\\\/2024\\\/06\\\/gofac-e1718480976746.png\"},{\"@type\":\"BreadcrumbList\",\"@id\":\"https:\\\/\\\/www.noheroes.de\\\/es\\\/bike-tours-fuerteventura-rutas-guiadas-de-mtb-y-bicicleta-de-carretera-volcano-bike\\\/#breadcrumb\",\"itemListElement\":[{\"@type\":\"ListItem\",\"position\":1,\"name\":\"Startseite\",\"item\":\"https:\\\/\\\/www.noheroes.de\\\/es\\\/fuerteventura-gpx-tours-alquiler-de-bicicletas-rutas-y-alquiler-de-bicicletas-de-carretera-y-mtb\\\/\"},{\"@type\":\"ListItem\",\"position\":2,\"name\":\"Bike Tours Fuerteventura \u2013 Rutas guiadas de MTB y bicicleta de carretera | Volcano Bike\"}]},{\"@type\":\"WebSite\",\"@id\":\"https:\\\/\\\/www.noheroes.de\\\/es\\\/#website\",\"url\":\"https:\\\/\\\/www.noheroes.de\\\/es\\\/\",\"name\":\"No h\u00e9roes * Just Rides\",\"description\":\"\",\"publisher\":{\"@id\":\"https:\\\/\\\/www.noheroes.de\\\/es\\\/#\\\/schema\\\/person\\\/9cb399a8f6bfbf139037a165da54e103\"},\"potentialAction\":[{\"@type\":\"SearchAction\",\"target\":{\"@type\":\"EntryPoint\",\"urlTemplate\":\"https:\\\/\\\/www.noheroes.de\\\/es\\\/?s={search_term_string}\"},\"query-input\":{\"@type\":\"PropertyValueSpecification\",\"valueRequired\":true,\"valueName\":\"search_term_string\"}}],\"inLanguage\":\"es\"},{\"@type\":[\"Person\",\"Organization\"],\"@id\":\"https:\\\/\\\/www.noheroes.de\\\/es\\\/#\\\/schema\\\/person\\\/9cb399a8f6bfbf139037a165da54e103\",\"name\":\"Guide\",\"logo\":{\"@id\":\"https:\\\/\\\/www.noheroes.de\\\/es\\\/#\\\/schema\\\/person\\\/image\\\/\"}}]}<\/script>\n<!-- \/ Yoast SEO plugin. -->","yoast_head_json":{"title":"Bike Tours Fuerteventura \u2013 Rutas guiadas de MTB y bicicleta de carretera | Volcano Bike &#8211; No h\u00e9roes * Just Rides","description":"Rutas guiadas en BTT y bicicleta de carretera en Fuerteventura desde Costa Calma y Jand\u00eda. Rutas individuales, desniveles y niveles adecuados, grupos peque\u00f1os, puro ciclismo.","robots":{"index":"index","follow":"follow","max-snippet":"max-snippet:-1","max-image-preview":"max-image-preview:large","max-video-preview":"max-video-preview:-1"},"canonical":"https:\/\/www.noheroes.de\/es\/bike-tours-fuerteventura-rutas-guiadas-de-mtb-y-bicicleta-de-carretera-volcano-bike\/","twitter_misc":{"Tiempo de lectura":"2 minutos"},"schema":{"@context":"https:\/\/schema.org","@graph":[{"@type":"WebPage","@id":"https:\/\/www.noheroes.de\/es\/bike-tours-fuerteventura-rutas-guiadas-de-mtb-y-bicicleta-de-carretera-volcano-bike\/","url":"https:\/\/www.noheroes.de\/es\/bike-tours-fuerteventura-rutas-guiadas-de-mtb-y-bicicleta-de-carretera-volcano-bike\/","name":"Bike Tours Fuerteventura \u2013 Rutas guiadas de MTB y bicicleta de carretera | Volcano Bike &#8211; No h\u00e9roes * Just Rides","isPartOf":{"@id":"https:\/\/www.noheroes.de\/es\/#website"},"primaryImageOfPage":{"@id":"https:\/\/www.noheroes.de\/es\/bike-tours-fuerteventura-rutas-guiadas-de-mtb-y-bicicleta-de-carretera-volcano-bike\/#primaryimage"},"image":{"@id":"https:\/\/www.noheroes.de\/es\/bike-tours-fuerteventura-rutas-guiadas-de-mtb-y-bicicleta-de-carretera-volcano-bike\/#primaryimage"},"thumbnailUrl":"https:\/\/www.noheroes.de\/wp-content\/uploads\/2024\/06\/gofac-e1718480976746.png","datePublished":"2025-12-07T19:22:00+00:00","dateModified":"2025-12-18T06:49:44+00:00","description":"Rutas guiadas en BTT y bicicleta de carretera en Fuerteventura desde Costa Calma y Jand\u00eda. Rutas individuales, desniveles y niveles adecuados, grupos peque\u00f1os, puro ciclismo.","breadcrumb":{"@id":"https:\/\/www.noheroes.de\/es\/bike-tours-fuerteventura-rutas-guiadas-de-mtb-y-bicicleta-de-carretera-volcano-bike\/#breadcrumb"},"inLanguage":"es","potentialAction":[{"@type":"ReadAction","target":["https:\/\/www.noheroes.de\/es\/bike-tours-fuerteventura-rutas-guiadas-de-mtb-y-bicicleta-de-carretera-volcano-bike\/"]}]},{"@type":"ImageObject","inLanguage":"es","@id":"https:\/\/www.noheroes.de\/es\/bike-tours-fuerteventura-rutas-guiadas-de-mtb-y-bicicleta-de-carretera-volcano-bike\/#primaryimage","url":"https:\/\/www.noheroes.de\/wp-content\/uploads\/2024\/06\/gofac-e1718480976746.png","contentUrl":"https:\/\/www.noheroes.de\/wp-content\/uploads\/2024\/06\/gofac-e1718480976746.png"},{"@type":"BreadcrumbList","@id":"https:\/\/www.noheroes.de\/es\/bike-tours-fuerteventura-rutas-guiadas-de-mtb-y-bicicleta-de-carretera-volcano-bike\/#breadcrumb","itemListElement":[{"@type":"ListItem","position":1,"name":"Startseite","item":"https:\/\/www.noheroes.de\/es\/fuerteventura-gpx-tours-alquiler-de-bicicletas-rutas-y-alquiler-de-bicicletas-de-carretera-y-mtb\/"},{"@type":"ListItem","position":2,"name":"Bike Tours Fuerteventura \u2013 Rutas guiadas de MTB y bicicleta de carretera | Volcano Bike"}]},{"@type":"WebSite","@id":"https:\/\/www.noheroes.de\/es\/#website","url":"https:\/\/www.noheroes.de\/es\/","name":"No h\u00e9roes * Just Rides","description":"","publisher":{"@id":"https:\/\/www.noheroes.de\/es\/#\/schema\/person\/9cb399a8f6bfbf139037a165da54e103"},"potentialAction":[{"@type":"SearchAction","target":{"@type":"EntryPoint","urlTemplate":"https:\/\/www.noheroes.de\/es\/?s={search_term_string}"},"query-input":{"@type":"PropertyValueSpecification","valueRequired":true,"valueName":"search_term_string"}}],"inLanguage":"es"},{"@type":["Person","Organization"],"@id":"https:\/\/www.noheroes.de\/es\/#\/schema\/person\/9cb399a8f6bfbf139037a165da54e103","name":"Guide","logo":{"@id":"https:\/\/www.noheroes.de\/es\/#\/schema\/person\/image\/"}}]}},"_links":{"self":[{"href":"https:\/\/www.noheroes.de\/es\/wp-json\/wp\/v2\/pages\/13213","targetHints":{"allow":["GET"]}}],"collection":[{"href":"https:\/\/www.noheroes.de\/es\/wp-json\/wp\/v2\/pages"}],"about":[{"href":"https:\/\/www.noheroes.de\/es\/wp-json\/wp\/v2\/types\/page"}],"author":[{"embeddable":true,"href":"https:\/\/www.noheroes.de\/es\/wp-json\/wp\/v2\/users\/1"}],"replies":[{"embeddable":true,"href":"https:\/\/www.noheroes.de\/es\/wp-json\/wp\/v2\/comments?post=13213"}],"version-history":[{"count":16,"href":"https:\/\/www.noheroes.de\/es\/wp-json\/wp\/v2\/pages\/13213\/revisions"}],"predecessor-version":[{"id":14209,"href":"https:\/\/www.noheroes.de\/es\/wp-json\/wp\/v2\/pages\/13213\/revisions\/14209"}],"wp:attachment":[{"href":"https:\/\/www.noheroes.de\/es\/wp-json\/wp\/v2\/media?parent=13213"}],"curies":[{"name":"wp","href":"https:\/\/api.w.org\/{rel}","templated":true}]}}