{"id":14309,"date":"2026-01-04T20:23:52","date_gmt":"2026-01-04T19:23:52","guid":{"rendered":"https:\/\/www.noheroes.de\/?page_id=14309"},"modified":"2026-01-12T20:07:17","modified_gmt":"2026-01-12T19:07:17","slug":"alquiler-de-bicicletas-en-fuerteventura-bicicletas-electricas-de-carretera-mtb-y-gravel","status":"publish","type":"page","link":"https:\/\/www.noheroes.de\/es\/alquiler-de-bicicletas-en-fuerteventura-bicicletas-electricas-de-carretera-mtb-y-gravel\/","title":{"rendered":"Alquiler de bicicletas en Fuerteventura | Bicicletas el\u00e9ctricas, de carretera, MTB y gravel"},"content":{"rendered":"\n<style type=\"text\/css\" data-created_by=\"avia_inline_auto\" id=\"style-css-av-miur1bqi-6a2d5167ab8df2e5c4e6d6212b7bd285\">\n.avia-section.av-miur1bqi-6a2d5167ab8df2e5c4e6d6212b7bd285{\nbackground-repeat:no-repeat;\nbackground-image:url(https:\/\/www.noheroes.de\/wp-content\/uploads\/2025\/12\/touren-gpx-mtb-roadbike-fuerteventura.jpg);\nbackground-position:50% 50%;\nbackground-attachment:scroll;\n}\n.avia-section.av-miur1bqi-6a2d5167ab8df2e5c4e6d6212b7bd285 .av-section-color-overlay{\nopacity:0.9;\nbackground-color:#161616;\n}\n<\/style>\n<div id='av_section_1'  class='avia-section av-miur1bqi-6a2d5167ab8df2e5c4e6d6212b7bd285 main_color avia-section-default avia-no-border-styling  avia-builder-el-0  el_before_av_section  avia-builder-el-first  nh-hero-media av-small-hide av-mini-hide avia-bg-style-scroll av-section-color-overlay-active container_wrap sidebar_right'  data-section-bg-repeat='no-repeat'><div class=\"av-section-color-overlay-wrap\"><div class=\"av-section-color-overlay\"><\/div><div class='container av-section-cont-open' ><main  role=\"main\" itemprop=\"mainContentOfPage\"  class='template-page content  av-content-small alpha units'><div class='post-entry post-entry-type-page post-entry-14309'><div class='entry-content-wrapper clearfix'>\n<section  class='av_textblock_section av-miuievtc-cecec6d37fa928dfe43304b0e036b5f2 '   itemscope=\"itemscope\" itemtype=\"https:\/\/schema.org\/CreativeWork\" ><div class='avia_textblock'  itemprop=\"text\" ><div class=\"nh-container nh-safe-bottom nh-hero-center\">\n<p><span class=\"nh-badge nh-badge--lava\">VOLCANO BIKE \u2022 PROGRAMA RENTAL PRO 2026<\/span><\/p>\n<div class=\"nh-logo-wrap\"><img decoding=\"async\" class=\"nh-hero-logo\" src=\"https:\/\/www.noheroes.de\/wp-content\/uploads\/2024\/06\/egaltr3.png\" alt=\"noheroes\" \/><\/div>\n<div class=\"nh-lead\">\n<h2>Alquiler de bicicletas de carretera, MTB, gravel y e-bikes<\/h2>\n<\/div>\n<div class=\"nh-cta\"><a class=\"nh-btn nh-btn-primary\" href=\"#ebike\">E-Bikes<\/a><br \/>\n<a class=\"nh-btn nh-btn-primary\" href=\"#mtb\">Mountainbike<\/a><br \/>\n<a class=\"nh-btn nh-btn-primary\" href=\"#rennrad\">Bicicleta de carretera<\/a><br \/>\n<a class=\"nh-btn nh-btn-primary\" href=\"#gravel\">Gravel<\/a><\/div>\n<\/div>\n<\/div><\/section>\n\n<\/div><\/div><\/main><!-- close content main element --><\/div><\/div><\/div>\n<style type=\"text\/css\" data-created_by=\"avia_inline_auto\" id=\"style-css-av-mjb33r5h-460b766da3413c6657c0c70657e3f2bb\">\n.avia-section.av-mjb33r5h-460b766da3413c6657c0c70657e3f2bb{\nbackground-repeat:no-repeat;\nbackground-image:url(https:\/\/www.noheroes.de\/wp-content\/uploads\/2025\/12\/touren-gpx-mtb-roadbike-fuerteventura.jpg);\nbackground-position:50% 50%;\nbackground-attachment:scroll;\n}\n.avia-section.av-mjb33r5h-460b766da3413c6657c0c70657e3f2bb .av-section-color-overlay{\nopacity:0.9;\nbackground-color:#161616;\n}\n<\/style>\n<div id='av_section_2'  class='avia-section av-mjb33r5h-460b766da3413c6657c0c70657e3f2bb main_color avia-section-default avia-no-border-styling  avia-builder-el-2  el_after_av_section  el_before_av_codeblock  nh-hero-media av-desktop-hide av-medium-hide avia-bg-style-scroll av-section-color-overlay-active container_wrap sidebar_right'  data-section-bg-repeat='no-repeat'><div class=\"av-section-color-overlay-wrap\"><div class=\"av-section-color-overlay\"><\/div><div class='container av-section-cont-open' ><div class='template-page content  av-content-small alpha units'><div class='post-entry post-entry-type-page post-entry-14309'><div class='entry-content-wrapper clearfix'>\n<section  class='av_textblock_section av-mkbizr3g-680d0eb56b8782ea955df39a45c41164 '   itemscope=\"itemscope\" itemtype=\"https:\/\/schema.org\/CreativeWork\" ><div class='avia_textblock'  itemprop=\"text\" ><div class=\"nh-container nh-safe-bottom nh-hero-center\">\n<p><span class=\"nh-badge nh-badge--lava\">VOLCANO BIKE \u2022 PROGRAMA RENTAL PRO 2026<\/span><\/p>\n<div class=\"nh-logo-wrap\"><img decoding=\"async\" class=\"nh-hero-logo\" src=\"https:\/\/www.noheroes.de\/wp-content\/uploads\/2024\/06\/egaltr3.png\" alt=\"noheroes\" \/><\/div>\n<div class=\"nh-lead\">\n<h2>Alquiler de bicicletas de carretera, MTB, gravel y e-bikes<\/h2>\n<\/div>\n<div class=\"nh-cta\"><a class=\"nh-btn nh-btn-primary\" href=\"#ebike\">E-Bikes<\/a><br \/>\n<a class=\"nh-btn nh-btn-primary\" href=\"#mtb\">Mountainbike<\/a><br \/>\n<a class=\"nh-btn nh-btn-primary\" href=\"#rennrad\">Bicicleta de carretera<\/a><br \/>\n<a class=\"nh-btn nh-btn-primary\" href=\"#gravel\">Gravel<\/a><\/div>\n<\/div>\n<\/div><\/section>\n<\/div><\/div><\/div><!-- close content main div --><\/div><\/div><\/div><div id='after_section_2'  class='main_color av_default_container_wrap container_wrap sidebar_right'  ><div class='container av-section-cont-open' ><div class='template-page content  av-content-small alpha units'><div class='post-entry post-entry-type-page post-entry-14309'><div class='entry-content-wrapper clearfix'>\n\n\n\n\n\n","protected":false},"excerpt":{"rendered":"","protected":false},"author":1,"featured_media":0,"parent":0,"menu_order":0,"comment_status":"closed","ping_status":"closed","template":"","meta":{"_acf_changed":false,"footnotes":""},"class_list":["post-14309","page","type-page","status-publish","hentry"],"acf":[],"yoast_head":"<!-- This site is optimized with the Yoast SEO plugin v27.5 - https:\/\/yoast.com\/product\/yoast-seo-wordpress\/ -->\n<title>Alquiler de bicicletas en Fuerteventura | Bicicletas el\u00e9ctricas, de carretera, MTB y gravel &#8211; No h\u00e9roes * Just Rides<\/title>\n<meta name=\"description\" content=\"Alquila bicicletas el\u00e9ctricas, de gravel, MTB y de carretera en Fuerteventura. Alquiler de bicicletas personalizado en Morro Jable, Jand\u00eda y Costa Calma. Precios justos, consulta r\u00e1pida por WhatsApp o correo electr\u00f3nico\" \/>\n<meta name=\"robots\" content=\"index, follow, max-snippet:-1, max-image-preview:large, max-video-preview:-1\" \/>\n<link rel=\"canonical\" href=\"https:\/\/www.noheroes.de\/es\/alquiler-de-bicicletas-en-fuerteventura-bicicletas-electricas-de-carretera-mtb-y-gravel\/\" \/>\n<meta name=\"twitter:label1\" content=\"Tiempo de lectura\" \/>\n\t<meta name=\"twitter:data1\" content=\"1 minuto\" \/>\n<script type=\"application\/ld+json\" class=\"yoast-schema-graph\">{\"@context\":\"https:\\\/\\\/schema.org\",\"@graph\":[{\"@type\":\"WebPage\",\"@id\":\"https:\\\/\\\/www.noheroes.de\\\/es\\\/alquiler-de-bicicletas-en-fuerteventura-bicicletas-electricas-de-carretera-mtb-y-gravel\\\/\",\"url\":\"https:\\\/\\\/www.noheroes.de\\\/es\\\/alquiler-de-bicicletas-en-fuerteventura-bicicletas-electricas-de-carretera-mtb-y-gravel\\\/\",\"name\":\"Alquiler de bicicletas en Fuerteventura | Bicicletas el\u00e9ctricas, de carretera, MTB y gravel &#8211; No h\u00e9roes * Just Rides\",\"isPartOf\":{\"@id\":\"https:\\\/\\\/www.noheroes.de\\\/es\\\/#website\"},\"primaryImageOfPage\":{\"@id\":\"https:\\\/\\\/www.noheroes.de\\\/es\\\/alquiler-de-bicicletas-en-fuerteventura-bicicletas-electricas-de-carretera-mtb-y-gravel\\\/#primaryimage\"},\"image\":{\"@id\":\"https:\\\/\\\/www.noheroes.de\\\/es\\\/alquiler-de-bicicletas-en-fuerteventura-bicicletas-electricas-de-carretera-mtb-y-gravel\\\/#primaryimage\"},\"thumbnailUrl\":\"https:\\\/\\\/www.noheroes.de\\\/wp-content\\\/uploads\\\/2024\\\/06\\\/egaltr3.png\",\"datePublished\":\"2026-01-04T19:23:52+00:00\",\"dateModified\":\"2026-01-12T19:07:17+00:00\",\"description\":\"Alquila bicicletas el\u00e9ctricas, de gravel, MTB y de carretera en Fuerteventura. Alquiler de bicicletas personalizado en Morro Jable, Jand\u00eda y Costa Calma. Precios justos, consulta r\u00e1pida por WhatsApp o correo electr\u00f3nico\",\"breadcrumb\":{\"@id\":\"https:\\\/\\\/www.noheroes.de\\\/es\\\/alquiler-de-bicicletas-en-fuerteventura-bicicletas-electricas-de-carretera-mtb-y-gravel\\\/#breadcrumb\"},\"inLanguage\":\"es\",\"potentialAction\":[{\"@type\":\"ReadAction\",\"target\":[\"https:\\\/\\\/www.noheroes.de\\\/es\\\/alquiler-de-bicicletas-en-fuerteventura-bicicletas-electricas-de-carretera-mtb-y-gravel\\\/\"]}]},{\"@type\":\"ImageObject\",\"inLanguage\":\"es\",\"@id\":\"https:\\\/\\\/www.noheroes.de\\\/es\\\/alquiler-de-bicicletas-en-fuerteventura-bicicletas-electricas-de-carretera-mtb-y-gravel\\\/#primaryimage\",\"url\":\"https:\\\/\\\/www.noheroes.de\\\/wp-content\\\/uploads\\\/2024\\\/06\\\/egaltr3.png\",\"contentUrl\":\"https:\\\/\\\/www.noheroes.de\\\/wp-content\\\/uploads\\\/2024\\\/06\\\/egaltr3.png\"},{\"@type\":\"BreadcrumbList\",\"@id\":\"https:\\\/\\\/www.noheroes.de\\\/es\\\/alquiler-de-bicicletas-en-fuerteventura-bicicletas-electricas-de-carretera-mtb-y-gravel\\\/#breadcrumb\",\"itemListElement\":[{\"@type\":\"ListItem\",\"position\":1,\"name\":\"Startseite\",\"item\":\"https:\\\/\\\/www.noheroes.de\\\/es\\\/fuerteventura-gpx-tours-alquiler-de-bicicletas-rutas-y-alquiler-de-bicicletas-de-carretera-y-mtb\\\/\"},{\"@type\":\"ListItem\",\"position\":2,\"name\":\"Alquiler de bicicletas en Fuerteventura | Bicicletas el\u00e9ctricas, de carretera, MTB y gravel\"}]},{\"@type\":\"WebSite\",\"@id\":\"https:\\\/\\\/www.noheroes.de\\\/es\\\/#website\",\"url\":\"https:\\\/\\\/www.noheroes.de\\\/es\\\/\",\"name\":\"No h\u00e9roes * Just Rides\",\"description\":\"\",\"publisher\":{\"@id\":\"https:\\\/\\\/www.noheroes.de\\\/es\\\/#\\\/schema\\\/person\\\/9cb399a8f6bfbf139037a165da54e103\"},\"potentialAction\":[{\"@type\":\"SearchAction\",\"target\":{\"@type\":\"EntryPoint\",\"urlTemplate\":\"https:\\\/\\\/www.noheroes.de\\\/es\\\/?s={search_term_string}\"},\"query-input\":{\"@type\":\"PropertyValueSpecification\",\"valueRequired\":true,\"valueName\":\"search_term_string\"}}],\"inLanguage\":\"es\"},{\"@type\":[\"Person\",\"Organization\"],\"@id\":\"https:\\\/\\\/www.noheroes.de\\\/es\\\/#\\\/schema\\\/person\\\/9cb399a8f6bfbf139037a165da54e103\",\"name\":\"Guide\",\"logo\":{\"@id\":\"https:\\\/\\\/www.noheroes.de\\\/es\\\/#\\\/schema\\\/person\\\/image\\\/\"}}]}<\/script>\n<!-- \/ Yoast SEO plugin. -->","yoast_head_json":{"title":"Alquiler de bicicletas en Fuerteventura | Bicicletas el\u00e9ctricas, de carretera, MTB y gravel &#8211; No h\u00e9roes * Just Rides","description":"Alquila bicicletas el\u00e9ctricas, de gravel, MTB y de carretera en Fuerteventura. Alquiler de bicicletas personalizado en Morro Jable, Jand\u00eda y Costa Calma. Precios justos, consulta r\u00e1pida por WhatsApp o correo electr\u00f3nico","robots":{"index":"index","follow":"follow","max-snippet":"max-snippet:-1","max-image-preview":"max-image-preview:large","max-video-preview":"max-video-preview:-1"},"canonical":"https:\/\/www.noheroes.de\/es\/alquiler-de-bicicletas-en-fuerteventura-bicicletas-electricas-de-carretera-mtb-y-gravel\/","twitter_misc":{"Tiempo de lectura":"1 minuto"},"schema":{"@context":"https:\/\/schema.org","@graph":[{"@type":"WebPage","@id":"https:\/\/www.noheroes.de\/es\/alquiler-de-bicicletas-en-fuerteventura-bicicletas-electricas-de-carretera-mtb-y-gravel\/","url":"https:\/\/www.noheroes.de\/es\/alquiler-de-bicicletas-en-fuerteventura-bicicletas-electricas-de-carretera-mtb-y-gravel\/","name":"Alquiler de bicicletas en Fuerteventura | Bicicletas el\u00e9ctricas, de carretera, MTB y gravel &#8211; No h\u00e9roes * Just Rides","isPartOf":{"@id":"https:\/\/www.noheroes.de\/es\/#website"},"primaryImageOfPage":{"@id":"https:\/\/www.noheroes.de\/es\/alquiler-de-bicicletas-en-fuerteventura-bicicletas-electricas-de-carretera-mtb-y-gravel\/#primaryimage"},"image":{"@id":"https:\/\/www.noheroes.de\/es\/alquiler-de-bicicletas-en-fuerteventura-bicicletas-electricas-de-carretera-mtb-y-gravel\/#primaryimage"},"thumbnailUrl":"https:\/\/www.noheroes.de\/wp-content\/uploads\/2024\/06\/egaltr3.png","datePublished":"2026-01-04T19:23:52+00:00","dateModified":"2026-01-12T19:07:17+00:00","description":"Alquila bicicletas el\u00e9ctricas, de gravel, MTB y de carretera en Fuerteventura. Alquiler de bicicletas personalizado en Morro Jable, Jand\u00eda y Costa Calma. Precios justos, consulta r\u00e1pida por WhatsApp o correo electr\u00f3nico","breadcrumb":{"@id":"https:\/\/www.noheroes.de\/es\/alquiler-de-bicicletas-en-fuerteventura-bicicletas-electricas-de-carretera-mtb-y-gravel\/#breadcrumb"},"inLanguage":"es","potentialAction":[{"@type":"ReadAction","target":["https:\/\/www.noheroes.de\/es\/alquiler-de-bicicletas-en-fuerteventura-bicicletas-electricas-de-carretera-mtb-y-gravel\/"]}]},{"@type":"ImageObject","inLanguage":"es","@id":"https:\/\/www.noheroes.de\/es\/alquiler-de-bicicletas-en-fuerteventura-bicicletas-electricas-de-carretera-mtb-y-gravel\/#primaryimage","url":"https:\/\/www.noheroes.de\/wp-content\/uploads\/2024\/06\/egaltr3.png","contentUrl":"https:\/\/www.noheroes.de\/wp-content\/uploads\/2024\/06\/egaltr3.png"},{"@type":"BreadcrumbList","@id":"https:\/\/www.noheroes.de\/es\/alquiler-de-bicicletas-en-fuerteventura-bicicletas-electricas-de-carretera-mtb-y-gravel\/#breadcrumb","itemListElement":[{"@type":"ListItem","position":1,"name":"Startseite","item":"https:\/\/www.noheroes.de\/es\/fuerteventura-gpx-tours-alquiler-de-bicicletas-rutas-y-alquiler-de-bicicletas-de-carretera-y-mtb\/"},{"@type":"ListItem","position":2,"name":"Alquiler de bicicletas en Fuerteventura | Bicicletas el\u00e9ctricas, de carretera, MTB y gravel"}]},{"@type":"WebSite","@id":"https:\/\/www.noheroes.de\/es\/#website","url":"https:\/\/www.noheroes.de\/es\/","name":"No h\u00e9roes * Just Rides","description":"","publisher":{"@id":"https:\/\/www.noheroes.de\/es\/#\/schema\/person\/9cb399a8f6bfbf139037a165da54e103"},"potentialAction":[{"@type":"SearchAction","target":{"@type":"EntryPoint","urlTemplate":"https:\/\/www.noheroes.de\/es\/?s={search_term_string}"},"query-input":{"@type":"PropertyValueSpecification","valueRequired":true,"valueName":"search_term_string"}}],"inLanguage":"es"},{"@type":["Person","Organization"],"@id":"https:\/\/www.noheroes.de\/es\/#\/schema\/person\/9cb399a8f6bfbf139037a165da54e103","name":"Guide","logo":{"@id":"https:\/\/www.noheroes.de\/es\/#\/schema\/person\/image\/"}}]}},"_links":{"self":[{"href":"https:\/\/www.noheroes.de\/es\/wp-json\/wp\/v2\/pages\/14309","targetHints":{"allow":["GET"]}}],"collection":[{"href":"https:\/\/www.noheroes.de\/es\/wp-json\/wp\/v2\/pages"}],"about":[{"href":"https:\/\/www.noheroes.de\/es\/wp-json\/wp\/v2\/types\/page"}],"author":[{"embeddable":true,"href":"https:\/\/www.noheroes.de\/es\/wp-json\/wp\/v2\/users\/1"}],"replies":[{"embeddable":true,"href":"https:\/\/www.noheroes.de\/es\/wp-json\/wp\/v2\/comments?post=14309"}],"version-history":[{"count":9,"href":"https:\/\/www.noheroes.de\/es\/wp-json\/wp\/v2\/pages\/14309\/revisions"}],"predecessor-version":[{"id":14455,"href":"https:\/\/www.noheroes.de\/es\/wp-json\/wp\/v2\/pages\/14309\/revisions\/14455"}],"wp:attachment":[{"href":"https:\/\/www.noheroes.de\/es\/wp-json\/wp\/v2\/media?parent=14309"}],"curies":[{"name":"wp","href":"https:\/\/api.w.org\/{rel}","templated":true}]}}